{"id":1654,"date":"2023-06-12T10:41:57","date_gmt":"2023-06-12T08:41:57","guid":{"rendered":"https:\/\/alphornbau-neumann.de\/?page_id=1654"},"modified":"2023-06-12T10:50:23","modified_gmt":"2023-06-12T08:50:23","slug":"referenzen","status":"publish","type":"page","link":"https:\/\/alphornbau-neumann.de\/de\/referenzen\/","title":{"rendered":"Referenzen"},"content":{"rendered":"\t\t<div data-elementor-type=\"wp-page\" data-elementor-id=\"1654\" class=\"elementor elementor-1654\" data-elementor-post-type=\"page\">\n\t\t\t\t\t\t<section class=\"elementor-section elementor-top-section elementor-element elementor-element-535d082 elementor-section-boxed elementor-section-height-default elementor-section-height-default\" data-id=\"535d082\" data-element_type=\"section\" data-e-type=\"section\">\n\t\t\t\t\t\t<div class=\"elementor-container elementor-column-gap-default\">\n\t\t\t\t\t<div class=\"elementor-column elementor-col-100 elementor-top-column elementor-element elementor-element-49f332b\" data-id=\"49f332b\" data-element_type=\"column\" data-e-type=\"column\">\n\t\t\t<div class=\"elementor-widget-wrap elementor-element-populated\">\n\t\t\t\t\t\t<div class=\"elementor-element elementor-element-ff7befe elementor-widget elementor-widget-heading\" data-id=\"ff7befe\" data-element_type=\"widget\" data-e-type=\"widget\" data-widget_type=\"heading.default\">\n\t\t\t\t<div class=\"elementor-widget-container\">\n\t\t\t\t\t<h2 class=\"elementor-heading-title elementor-size-default\">Referenzen<\/h2>\t\t\t\t<\/div>\n\t\t\t\t<\/div>\n\t\t\t\t\t<\/div>\n\t\t<\/div>\n\t\t\t\t\t<\/div>\n\t\t<\/section>\n\t\t\t\t<section class=\"elementor-section elementor-top-section elementor-element elementor-element-4a587cb elementor-section-boxed elementor-section-height-default elementor-section-height-default\" data-id=\"4a587cb\" data-element_type=\"section\" data-e-type=\"section\">\n\t\t\t\t\t\t<div class=\"elementor-container elementor-column-gap-default\">\n\t\t\t\t\t<div class=\"elementor-column elementor-col-100 elementor-top-column elementor-element elementor-element-f5af811\" data-id=\"f5af811\" data-element_type=\"column\" data-e-type=\"column\">\n\t\t\t<div class=\"elementor-widget-wrap elementor-element-populated\">\n\t\t\t\t\t\t<div class=\"elementor-element elementor-element-7a9d48d elementor-widget elementor-widget-text-editor\" data-id=\"7a9d48d\" data-element_type=\"widget\" data-e-type=\"widget\" data-widget_type=\"text-editor.default\">\n\t\t\t\t<div class=\"elementor-widget-container\">\n\t\t\t\t\t\t\t\t\t<p>&#8222;Auf diesem absolut hochwertigen Niveau Instrumente in dieser gleichm\u00e4\u00dfigen Qualit\u00e4t herzustellen, ist schlichtweg eine Kunst, ich ziehe den Hut&#8220;!<\/p><p><a href=\"http:\/\/web.archive.org\/web\/20161017234118\/http:\/\/www.b-schick.de\/\">Berthold Schick<\/a><\/p>\t\t\t\t\t\t\t\t<\/div>\n\t\t\t\t<\/div>\n\t\t\t\t\t<\/div>\n\t\t<\/div>\n\t\t\t\t\t<\/div>\n\t\t<\/section>\n\t\t\t\t<section class=\"elementor-section elementor-top-section elementor-element elementor-element-1ec0d37 elementor-section-boxed elementor-section-height-default elementor-section-height-default\" data-id=\"1ec0d37\" data-element_type=\"section\" data-e-type=\"section\">\n\t\t\t\t\t\t<div class=\"elementor-container elementor-column-gap-default\">\n\t\t\t\t\t<div class=\"elementor-column elementor-col-100 elementor-top-column elementor-element elementor-element-751692b\" data-id=\"751692b\" data-element_type=\"column\" data-e-type=\"column\">\n\t\t\t<div class=\"elementor-widget-wrap elementor-element-populated\">\n\t\t\t\t\t\t<div class=\"elementor-element elementor-element-38fb6ce elementor-widget-divider--view-line elementor-widget elementor-widget-divider\" data-id=\"38fb6ce\" data-element_type=\"widget\" data-e-type=\"widget\" data-widget_type=\"divider.default\">\n\t\t\t\t<div class=\"elementor-widget-container\">\n\t\t\t\t\t\t\t<div class=\"elementor-divider\">\n\t\t\t<span class=\"elementor-divider-separator\">\n\t\t\t\t\t\t<\/span>\n\t\t<\/div>\n\t\t\t\t\t\t<\/div>\n\t\t\t\t<\/div>\n\t\t\t\t\t<\/div>\n\t\t<\/div>\n\t\t\t\t\t<\/div>\n\t\t<\/section>\n\t\t\t\t<section class=\"elementor-section elementor-top-section elementor-element elementor-element-3b357f9 elementor-section-boxed elementor-section-height-default elementor-section-height-default\" data-id=\"3b357f9\" data-element_type=\"section\" data-e-type=\"section\">\n\t\t\t\t\t\t<div class=\"elementor-container elementor-column-gap-default\">\n\t\t\t\t\t<div class=\"elementor-column elementor-col-100 elementor-top-column elementor-element elementor-element-b237b15\" data-id=\"b237b15\" data-element_type=\"column\" data-e-type=\"column\">\n\t\t\t<div class=\"elementor-widget-wrap elementor-element-populated\">\n\t\t\t\t\t\t<div class=\"elementor-element elementor-element-a0f75ba elementor-widget elementor-widget-text-editor\" data-id=\"a0f75ba\" data-element_type=\"widget\" data-e-type=\"widget\" data-widget_type=\"text-editor.default\">\n\t\t\t\t<div class=\"elementor-widget-container\">\n\t\t\t\t\t\t\t\t\t<p>Lieber Michael,\u00a0 lieber Alfons<\/p><p>\u201eMeine Alph\u00f6rner von Alphornbau Neumann sind nicht nur handwerkliche Meisterst\u00fccke und absolut professionelle Musikinstrumente, sondern haben auch Seele. Damit meine ich das Gesamtgef\u00fchl, wenn man ein Neumann Alphorn spielt oder in der Hand h\u00e4lt: Die Haptik, den Klang, die Intonation, das hochwertige Material und die liebenswerte und authentische Familie Neumann, die diese Instrumente mit Leidenschaft baut. Vielen Dank daf\u00fcr!\u201c<\/p><p>Peter Laib<\/p>\t\t\t\t\t\t\t\t<\/div>\n\t\t\t\t<\/div>\n\t\t\t\t\t<\/div>\n\t\t<\/div>\n\t\t\t\t\t<\/div>\n\t\t<\/section>\n\t\t\t\t<section class=\"elementor-section elementor-top-section elementor-element elementor-element-eb719bb elementor-section-boxed elementor-section-height-default elementor-section-height-default\" data-id=\"eb719bb\" data-element_type=\"section\" data-e-type=\"section\">\n\t\t\t\t\t\t<div class=\"elementor-container elementor-column-gap-default\">\n\t\t\t\t\t<div class=\"elementor-column elementor-col-100 elementor-top-column elementor-element elementor-element-d4e7744\" data-id=\"d4e7744\" data-element_type=\"column\" data-e-type=\"column\">\n\t\t\t<div class=\"elementor-widget-wrap elementor-element-populated\">\n\t\t\t\t\t\t<div class=\"elementor-element elementor-element-d3a8219 elementor-widget-divider--view-line elementor-widget elementor-widget-divider\" data-id=\"d3a8219\" data-element_type=\"widget\" data-e-type=\"widget\" data-widget_type=\"divider.default\">\n\t\t\t\t<div class=\"elementor-widget-container\">\n\t\t\t\t\t\t\t<div class=\"elementor-divider\">\n\t\t\t<span class=\"elementor-divider-separator\">\n\t\t\t\t\t\t<\/span>\n\t\t<\/div>\n\t\t\t\t\t\t<\/div>\n\t\t\t\t<\/div>\n\t\t\t\t\t<\/div>\n\t\t<\/div>\n\t\t\t\t\t<\/div>\n\t\t<\/section>\n\t\t\t\t<section class=\"elementor-section elementor-top-section elementor-element elementor-element-f6f092f elementor-section-boxed elementor-section-height-default elementor-section-height-default\" data-id=\"f6f092f\" data-element_type=\"section\" data-e-type=\"section\">\n\t\t\t\t\t\t<div class=\"elementor-container elementor-column-gap-default\">\n\t\t\t\t\t<div class=\"elementor-column elementor-col-100 elementor-top-column elementor-element elementor-element-c681a34\" data-id=\"c681a34\" data-element_type=\"column\" data-e-type=\"column\">\n\t\t\t<div class=\"elementor-widget-wrap elementor-element-populated\">\n\t\t\t\t\t\t<div class=\"elementor-element elementor-element-82b7ae1 elementor-widget elementor-widget-text-editor\" data-id=\"82b7ae1\" data-element_type=\"widget\" data-e-type=\"widget\" data-widget_type=\"text-editor.default\">\n\t\t\t\t<div class=\"elementor-widget-container\">\n\t\t\t\t\t\t\t\t\t<p>Gesch\u00e4tzter Alfons,<\/p>\n<p>Deine Handwerkskunst als Alphornbauer ist einmalig. Danke!<\/p>\n<p>Klangvolumen, Ansprache und Intonation in allen spielbaren Tonlagen, sowie die Flexibilit\u00e4t auch komplizierter, virtuoser Passagen in Solost\u00fccken lassen sich mit Deinem Alphorn wunderbar verwirklichen. Als Profimusiker habe ich den Anspruch neben der traditionellen Rufe und Spielst\u00fccke die Literatur des Alphorns weiter zu entwickeln. Da muss auch das Medium, also das Instrument, au\u00dfergew\u00f6hnliche Leistungen vollbringen.<\/p>\n<p><a href=\"http:\/\/web.archive.org\/web\/20161017234118\/http:\/\/www.ralfdenninger.eu\/\" target=\"_blank\" rel=\"noopener\">Webseite von&nbsp;<\/a><a title=\"Ralf Denninger, Dipl. Musikp\u00e4dagoge\" href=\"http:\/\/web.archive.org\/web\/20161017234118\/http:\/\/www.ralfdenninger.eu\/\" target=\"_blank\" rel=\"noopener\">Ralf Denninger, Dipl. Musikp\u00e4dagoge<\/a><\/p>\t\t\t\t\t\t\t\t<\/div>\n\t\t\t\t<\/div>\n\t\t\t\t\t<\/div>\n\t\t<\/div>\n\t\t\t\t\t<\/div>\n\t\t<\/section>\n\t\t\t\t<section class=\"elementor-section elementor-top-section elementor-element elementor-element-d50fac6 elementor-section-boxed elementor-section-height-default elementor-section-height-default\" data-id=\"d50fac6\" data-element_type=\"section\" data-e-type=\"section\">\n\t\t\t\t\t\t<div class=\"elementor-container elementor-column-gap-default\">\n\t\t\t\t\t<div class=\"elementor-column elementor-col-100 elementor-top-column elementor-element elementor-element-69ad21b\" data-id=\"69ad21b\" data-element_type=\"column\" data-e-type=\"column\">\n\t\t\t<div class=\"elementor-widget-wrap elementor-element-populated\">\n\t\t\t\t\t\t<div class=\"elementor-element elementor-element-e59a081 elementor-widget-divider--view-line elementor-widget elementor-widget-divider\" data-id=\"e59a081\" data-element_type=\"widget\" data-e-type=\"widget\" data-widget_type=\"divider.default\">\n\t\t\t\t<div class=\"elementor-widget-container\">\n\t\t\t\t\t\t\t<div class=\"elementor-divider\">\n\t\t\t<span class=\"elementor-divider-separator\">\n\t\t\t\t\t\t<\/span>\n\t\t<\/div>\n\t\t\t\t\t\t<\/div>\n\t\t\t\t<\/div>\n\t\t\t\t\t<\/div>\n\t\t<\/div>\n\t\t\t\t\t<\/div>\n\t\t<\/section>\n\t\t\t\t<section class=\"elementor-section elementor-top-section elementor-element elementor-element-67cb5e0 elementor-section-boxed elementor-section-height-default elementor-section-height-default\" data-id=\"67cb5e0\" data-element_type=\"section\" data-e-type=\"section\">\n\t\t\t\t\t\t<div class=\"elementor-container elementor-column-gap-default\">\n\t\t\t\t\t<div class=\"elementor-column elementor-col-100 elementor-top-column elementor-element elementor-element-1498aee\" data-id=\"1498aee\" data-element_type=\"column\" data-e-type=\"column\">\n\t\t\t<div class=\"elementor-widget-wrap elementor-element-populated\">\n\t\t\t\t\t\t<div class=\"elementor-element elementor-element-6f84447 elementor-widget elementor-widget-text-editor\" data-id=\"6f84447\" data-element_type=\"widget\" data-e-type=\"widget\" data-widget_type=\"text-editor.default\">\n\t\t\t\t<div class=\"elementor-widget-container\">\n\t\t\t\t\t\t\t\t\t<p>Nach langem Suchen habe ich endlich ein Alphorn gefunden,das meinen W\u00fcnschen am\u00a0 besten entspricht!Durch die Empfehlung von Herrn Berthold Schick bin ich zur Firma Neumann gelangt,wo ich einige Instrumente testen konnte.Herr Neumanns sachliche und professionelle Beratung war massgebend, dass ich mich f\u00fcr ein Instrument von ihm entschieden habe,mit welchem ich mit grosser Freude spiele.<\/p><p>Liebe Gr\u00fcsse aus dem Simmental<\/p><p>Branimir Slokar<\/p>\t\t\t\t\t\t\t\t<\/div>\n\t\t\t\t<\/div>\n\t\t\t\t\t<\/div>\n\t\t<\/div>\n\t\t\t\t\t<\/div>\n\t\t<\/section>\n\t\t\t\t<section class=\"elementor-section elementor-top-section elementor-element elementor-element-611261b elementor-section-boxed elementor-section-height-default elementor-section-height-default\" data-id=\"611261b\" data-element_type=\"section\" data-e-type=\"section\">\n\t\t\t\t\t\t<div class=\"elementor-container elementor-column-gap-default\">\n\t\t\t\t\t<div class=\"elementor-column elementor-col-100 elementor-top-column elementor-element elementor-element-82c2566\" data-id=\"82c2566\" data-element_type=\"column\" data-e-type=\"column\">\n\t\t\t<div class=\"elementor-widget-wrap elementor-element-populated\">\n\t\t\t\t\t\t<div class=\"elementor-element elementor-element-40caead elementor-widget-divider--view-line elementor-widget elementor-widget-divider\" data-id=\"40caead\" data-element_type=\"widget\" data-e-type=\"widget\" data-widget_type=\"divider.default\">\n\t\t\t\t<div class=\"elementor-widget-container\">\n\t\t\t\t\t\t\t<div class=\"elementor-divider\">\n\t\t\t<span class=\"elementor-divider-separator\">\n\t\t\t\t\t\t<\/span>\n\t\t<\/div>\n\t\t\t\t\t\t<\/div>\n\t\t\t\t<\/div>\n\t\t\t\t\t<\/div>\n\t\t<\/div>\n\t\t\t\t\t<\/div>\n\t\t<\/section>\n\t\t\t\t<section class=\"elementor-section elementor-top-section elementor-element elementor-element-9daf200 elementor-section-boxed elementor-section-height-default elementor-section-height-default\" data-id=\"9daf200\" data-element_type=\"section\" data-e-type=\"section\">\n\t\t\t\t\t\t<div class=\"elementor-container elementor-column-gap-default\">\n\t\t\t\t\t<div class=\"elementor-column elementor-col-100 elementor-top-column elementor-element elementor-element-754a1cd\" data-id=\"754a1cd\" data-element_type=\"column\" data-e-type=\"column\">\n\t\t\t<div class=\"elementor-widget-wrap elementor-element-populated\">\n\t\t\t\t\t\t<div class=\"elementor-element elementor-element-ad5ab33 elementor-widget elementor-widget-text-editor\" data-id=\"ad5ab33\" data-element_type=\"widget\" data-e-type=\"widget\" data-widget_type=\"text-editor.default\">\n\t\t\t\t<div class=\"elementor-widget-container\">\n\t\t\t\t\t\t\t\t\t<p>Gerne m\u00f6chte ich Ihnen sagen, \u00a0wieviel Freude es mir macht auf Ihrem so sch\u00f6n gearbeiteten Alphorn, das Sie f\u00fcr mich gemacht haben, zu spielen.<br \/>Der Klang ist wundervoll warm und weich.<br \/>Es hat eine Leichtigkeit in der Ansprache in jeder Lage, was \u00a0man selten bei einem Alphorn findet. \u00a0Die T\u00f6ne sind stabil und zentriert in allen Oktaven. \u00a0Das erleichtert es mit einer guten Intonation zu spielen. <br \/>Ganz herzlichen Dank!<br \/><br \/>Seien Sie herzlich gegr\u00fc\u00dft von<br \/><br \/>Alejandro N\u00fa\u00f1ez<br \/>Solo-Hornist im Sinfonieorchester Basel<\/p>\t\t\t\t\t\t\t\t<\/div>\n\t\t\t\t<\/div>\n\t\t\t\t\t<\/div>\n\t\t<\/div>\n\t\t\t\t\t<\/div>\n\t\t<\/section>\n\t\t\t\t<section class=\"elementor-section elementor-top-section elementor-element elementor-element-d5b3760 elementor-section-boxed elementor-section-height-default elementor-section-height-default\" data-id=\"d5b3760\" data-element_type=\"section\" data-e-type=\"section\">\n\t\t\t\t\t\t<div class=\"elementor-container elementor-column-gap-default\">\n\t\t\t\t\t<div class=\"elementor-column elementor-col-100 elementor-top-column elementor-element elementor-element-dbbcef8\" data-id=\"dbbcef8\" data-element_type=\"column\" data-e-type=\"column\">\n\t\t\t<div class=\"elementor-widget-wrap elementor-element-populated\">\n\t\t\t\t\t\t<div class=\"elementor-element elementor-element-ce830e1 elementor-widget elementor-widget-text-editor\" data-id=\"ce830e1\" data-element_type=\"widget\" data-e-type=\"widget\" data-widget_type=\"text-editor.default\">\n\t\t\t\t<div class=\"elementor-widget-container\">\n\t\t\t\t\t\t\t\t\t<p>Es ist wunderbar auf solch hochwertig gearbeiteten Neumann Alph\u00f6rnern zu musizieren. Die Freude die man dabei ausstrahlt, steckt immer wieder sehr viele junge Musikanten an, die ebenfalls dieses Instrument erlernen m\u00f6chten. Gratulation zu eurer tollen Arbeit.\u00a0 Macht weiter so.<\/p><p>Volker Bereuter<\/p>\t\t\t\t\t\t\t\t<\/div>\n\t\t\t\t<\/div>\n\t\t\t\t\t<\/div>\n\t\t<\/div>\n\t\t\t\t\t<\/div>\n\t\t<\/section>\n\t\t\t\t<\/div>\n\t\t","protected":false},"excerpt":{"rendered":"<p>Referenzen &#8222;Auf diesem absolut hochwertigen Niveau Instrumente in dieser gleichm\u00e4\u00dfigen Qualit\u00e4t herzustellen, ist schlichtweg eine Kunst, ich ziehe den Hut&#8220;! Berthold Schick Lieber Michael,\u00a0 lieber Alfons \u201eMeine Alph\u00f6rner von Alphornbau Neumann sind nicht nur handwerkliche Meisterst\u00fccke und absolut professionelle Musikinstrumente, sondern haben auch Seele. Damit meine ich das Gesamtgef\u00fchl, wenn man ein Neumann Alphorn spielt [&hellip;]<\/p>\n","protected":false},"author":1,"featured_media":0,"parent":0,"menu_order":0,"comment_status":"closed","ping_status":"closed","template":"","meta":{"site-sidebar-layout":"no-sidebar","site-content-layout":"page-builder","ast-site-content-layout":"","site-content-style":"default","site-sidebar-style":"default","ast-global-header-display":"","ast-banner-title-visibility":"","ast-main-header-display":"","ast-hfb-above-header-display":"","ast-hfb-below-header-display":"","ast-hfb-mobile-header-display":"","site-post-title":"disabled","ast-breadcrumbs-content":"","ast-featured-img":"disabled","footer-sml-layout":"","theme-transparent-header-meta":"","adv-header-id-meta":"","stick-header-meta":"","header-above-stick-meta":"","header-main-stick-meta":"","header-below-stick-meta":"","astra-migrate-meta-layouts":"default","ast-page-background-enabled":"default","ast-page-background-meta":{"desktop":{"background-color":"","background-image":"","background-repeat":"repeat","background-position":"center center","background-size":"auto","background-attachment":"scroll","background-type":"","background-media":"","overlay-type":"","overlay-color":"","overlay-opacity":"","overlay-gradient":""},"tablet":{"background-color":"","background-image":"","background-repeat":"repeat","background-position":"center center","background-size":"auto","background-attachment":"scroll","background-type":"","background-media":"","overlay-type":"","overlay-color":"","overlay-opacity":"","overlay-gradient":""},"mobile":{"background-color":"","background-image":"","background-repeat":"repeat","background-position":"center center","background-size":"auto","background-attachment":"scroll","background-type":"","background-media":"","overlay-type":"","overlay-color":"","overlay-opacity":"","overlay-gradient":""}},"ast-content-background-meta":{"desktop":{"background-color":"var(--ast-global-color-5)","background-image":"","background-repeat":"repeat","background-position":"center center","background-size":"auto","background-attachment":"scroll","background-type":"","background-media":"","overlay-type":"","overlay-color":"","overlay-opacity":"","overlay-gradient":""},"tablet":{"background-color":"var(--ast-global-color-5)","background-image":"","background-repeat":"repeat","background-position":"center center","background-size":"auto","background-attachment":"scroll","background-type":"","background-media":"","overlay-type":"","overlay-color":"","overlay-opacity":"","overlay-gradient":""},"mobile":{"background-color":"var(--ast-global-color-5)","background-image":"","background-repeat":"repeat","background-position":"center center","background-size":"auto","background-attachment":"scroll","background-type":"","background-media":"","overlay-type":"","overlay-color":"","overlay-opacity":"","overlay-gradient":""}},"footnotes":""},"class_list":["post-1654","page","type-page","status-publish","hentry"],"_links":{"self":[{"href":"https:\/\/alphornbau-neumann.de\/de\/wp-json\/wp\/v2\/pages\/1654","targetHints":{"allow":["GET"]}}],"collection":[{"href":"https:\/\/alphornbau-neumann.de\/de\/wp-json\/wp\/v2\/pages"}],"about":[{"href":"https:\/\/alphornbau-neumann.de\/de\/wp-json\/wp\/v2\/types\/page"}],"author":[{"embeddable":true,"href":"https:\/\/alphornbau-neumann.de\/de\/wp-json\/wp\/v2\/users\/1"}],"replies":[{"embeddable":true,"href":"https:\/\/alphornbau-neumann.de\/de\/wp-json\/wp\/v2\/comments?post=1654"}],"version-history":[{"count":0,"href":"https:\/\/alphornbau-neumann.de\/de\/wp-json\/wp\/v2\/pages\/1654\/revisions"}],"wp:attachment":[{"href":"https:\/\/alphornbau-neumann.de\/de\/wp-json\/wp\/v2\/media?parent=1654"}],"curies":[{"name":"wp","href":"https:\/\/api.w.org\/{rel}","templated":true}]}}